{"id":640,"date":"2016-08-11T11:19:29","date_gmt":"2016-08-11T14:19:29","guid":{"rendered":"http:\/\/buzz-club.cmsmasters.net\/?page_id=640"},"modified":"2023-09-24T22:00:39","modified_gmt":"2023-09-25T01:00:39","slug":"contacto","status":"publish","type":"page","link":"https:\/\/panterfest.com\/?page_id=640","title":{"rendered":"Contacto"},"content":{"rendered":"<style type=\"text\/css\"> \n#cmsmasters_row_69d46197422691_61408970 { \n\tbackground-image: url(https:\/\/panterfest.com\/wp-content\/uploads\/2023\/09\/f1.jpg); \n\tbackground-position: top center; \n\tbackground-repeat: no-repeat; \n\tbackground-attachment: fixed; \n\tbackground-size: cover; \n} \n\n#cmsmasters_row_69d46197422691_61408970 .cmsmasters_row_outer_parent { \n\tpadding-top: 100px; \n} \n\n#cmsmasters_row_69d46197422691_61408970 .cmsmasters_row_outer_parent { \n\tpadding-bottom: 100px; \n} \n\n \n#cmsmasters_icon_69d46197426fa { \n\tdisplay:block; \n\ttext-align:center; } \n\n#cmsmasters_icon_69d46197426fa .cmsmasters_simple_icon { \n\tborder-width:0px; \n\twidth:70px; \n\theight:70px; \n\tfont-size:50px; \n\tline-height:70px; \n\ttext-align:center; \n\t-webkit-border-radius:50%; \n\tborder-radius:50%; \n\tcolor:#ffffff;} \n \n#cmsmasters_heading_69d461974295f9_99864909 { \n\ttext-align:center; \n\tmargin-top:0px; \n\tmargin-bottom:20px; \n} \n\n#cmsmasters_heading_69d461974295f9_99864909 .cmsmasters_heading { \n\ttext-align:center; \n} \n\n#cmsmasters_heading_69d461974295f9_99864909 .cmsmasters_heading, #cmsmasters_heading_69d461974295f9_99864909 .cmsmasters_heading a { \n\tfont-weight:normal; \n\tfont-style:normal; \n\tcolor:#ffffff;\n} \n\n#cmsmasters_heading_69d461974295f9_99864909 .cmsmasters_heading_divider { \n} \n\n \n#cmsmasters_heading_69d4619742b8c8_03817262 { \n\ttext-align:center; \n\tmargin-top:0px; \n\tmargin-bottom:0px; \n} \n\n#cmsmasters_heading_69d4619742b8c8_03817262 .cmsmasters_heading { \n\ttext-align:center; \n} \n\n#cmsmasters_heading_69d4619742b8c8_03817262 .cmsmasters_heading, #cmsmasters_heading_69d4619742b8c8_03817262 .cmsmasters_heading a { \n\tfont-size:20px; \n\tfont-weight:600; \n\tfont-style:normal; \n} \n\n#cmsmasters_heading_69d4619742b8c8_03817262 .cmsmasters_heading_divider { \n} \n\n@media (max-width: 1024px) {\n\n#cmsmasters_heading_69d4619742b8c8_03817262 .cmsmasters_heading, #cmsmasters_heading_69d4619742b8c8_03817262 .cmsmasters_heading a { \n\tfont-size:18px; \n} \n\n} \n\n \n#cmsmasters_icon_69d4619742ebe { \n\tdisplay:block; \n\ttext-align:center; } \n\n#cmsmasters_icon_69d4619742ebe .cmsmasters_simple_icon { \n\tborder-width:0px; \n\twidth:70px; \n\theight:70px; \n\tfont-size:50px; \n\tline-height:70px; \n\ttext-align:center; \n\t-webkit-border-radius:50%; \n\tborder-radius:50%; \n\tcolor:#ffffff;} \n \n#cmsmasters_heading_69d46197430e33_20878055 { \n\ttext-align:center; \n\tmargin-top:0px; \n\tmargin-bottom:20px; \n} \n\n#cmsmasters_heading_69d46197430e33_20878055 .cmsmasters_heading { \n\ttext-align:center; \n} \n\n#cmsmasters_heading_69d46197430e33_20878055 .cmsmasters_heading, #cmsmasters_heading_69d46197430e33_20878055 .cmsmasters_heading a { \n\tfont-weight:normal; \n\tfont-style:normal; \n\tcolor:#ffffff;\n} \n\n#cmsmasters_heading_69d46197430e33_20878055 .cmsmasters_heading_divider { \n} \n\n \n#cmsmasters_heading_69d46197433192_96460744 { \n\ttext-align:center; \n\tmargin-top:0px; \n\tmargin-bottom:0px; \n} \n\n#cmsmasters_heading_69d46197433192_96460744 .cmsmasters_heading { \n\ttext-align:center; \n} \n\n#cmsmasters_heading_69d46197433192_96460744 .cmsmasters_heading, #cmsmasters_heading_69d46197433192_96460744 .cmsmasters_heading a { \n\tfont-size:20px; \n\tfont-weight:600; \n\tfont-style:normal; \n} \n\n#cmsmasters_heading_69d46197433192_96460744 .cmsmasters_heading_divider { \n} \n\n@media (max-width: 1024px) {\n\n#cmsmasters_heading_69d46197433192_96460744 .cmsmasters_heading, #cmsmasters_heading_69d46197433192_96460744 .cmsmasters_heading a { \n\tfont-size:18px; \n} \n\n} \n\n \n#cmsmasters_icon_69d461974354d { \n\tdisplay:block; \n\ttext-align:center; } \n\n#cmsmasters_icon_69d461974354d .cmsmasters_simple_icon { \n\tborder-width:0px; \n\twidth:70px; \n\theight:70px; \n\tfont-size:50px; \n\tline-height:70px; \n\ttext-align:center; \n\t-webkit-border-radius:50%; \n\tborder-radius:50%; \n\tcolor:#ffffff;} \n \n#cmsmasters_heading_69d461974377e2_37801959 { \n\ttext-align:center; \n\tmargin-top:0px; \n\tmargin-bottom:20px; \n} \n\n#cmsmasters_heading_69d461974377e2_37801959 .cmsmasters_heading { \n\ttext-align:center; \n} \n\n#cmsmasters_heading_69d461974377e2_37801959 .cmsmasters_heading, #cmsmasters_heading_69d461974377e2_37801959 .cmsmasters_heading a { \n\tfont-weight:normal; \n\tfont-style:normal; \n\tcolor:#ffffff;\n} \n\n#cmsmasters_heading_69d461974377e2_37801959 .cmsmasters_heading_divider { \n} \n\n \n#cmsmasters_heading_69d46197439b02_19157901 { \n\ttext-align:center; \n\tmargin-top:0px; \n\tmargin-bottom:0px; \n} \n\n#cmsmasters_heading_69d46197439b02_19157901 .cmsmasters_heading { \n\ttext-align:center; \n} \n\n#cmsmasters_heading_69d46197439b02_19157901 .cmsmasters_heading, #cmsmasters_heading_69d46197439b02_19157901 .cmsmasters_heading a { \n\tfont-size:20px; \n\tfont-weight:600; \n\tfont-style:normal; \n} \n\n#cmsmasters_heading_69d46197439b02_19157901 .cmsmasters_heading_divider { \n} \n\n@media (max-width: 1024px) {\n\n#cmsmasters_heading_69d46197439b02_19157901 .cmsmasters_heading, #cmsmasters_heading_69d46197439b02_19157901 .cmsmasters_heading a { \n\tfont-size:18px; \n} \n\n} \n\n \n#cmsmasters_row_69d4619743a098_16589429 .cmsmasters_row_outer_parent { \n\tpadding-top: 90px; \n} \n\n#cmsmasters_row_69d4619743a098_16589429 .cmsmasters_row_outer_parent { \n\tpadding-bottom: 120px; \n} \n\n \n#cmsmasters_heading_69d4619743c8c0_93467746 { \n\ttext-align:center; \n\tmargin-top:0px; \n\tmargin-bottom:40px; \n} \n\n#cmsmasters_heading_69d4619743c8c0_93467746 .cmsmasters_heading { \n\ttext-align:center; \n} \n\n#cmsmasters_heading_69d4619743c8c0_93467746 .cmsmasters_heading, #cmsmasters_heading_69d4619743c8c0_93467746 .cmsmasters_heading a { \n\tfont-size:40px; \n\tfont-weight:600; \n\tfont-style:normal; \n} \n\n#cmsmasters_heading_69d4619743c8c0_93467746 .cmsmasters_heading_divider { \n} \n\n \n#cmsmasters_heading_69d46197452383_93930221 { \n\ttext-align:center; \n\tmargin-top:0px; \n\tmargin-bottom:40px; \n} \n\n#cmsmasters_heading_69d46197452383_93930221 .cmsmasters_heading { \n\ttext-align:center; \n} \n\n#cmsmasters_heading_69d46197452383_93930221 .cmsmasters_heading, #cmsmasters_heading_69d46197452383_93930221 .cmsmasters_heading a { \n\tfont-size:40px; \n\tfont-weight:600; \n\tfont-style:normal; \n} \n\n#cmsmasters_heading_69d46197452383_93930221 .cmsmasters_heading_divider { \n} \n\n<\/style><div id=\"cmsmasters_row_69d46197422691_61408970\" class=\"cmsmasters_row cmsmasters_color_scheme_default cmsmasters_row_top_default cmsmasters_row_bot_default cmsmasters_row_boxed\">\n<div class=\"cmsmasters_row_outer_parent\">\n<div class=\"cmsmasters_row_outer\">\n<div class=\"cmsmasters_row_inner\">\n<div class=\"cmsmasters_row_margin\">\n<div class=\"cmsmasters_column one_third\">\n\n<div id=\"cmsmasters_icon_69d46197426fa\" class=\"cmsmasters_icon_wrap\"><span class=\"cmsmasters_simple_icon cmsmasters-icon-phone-4\"><\/span><\/div>\n\n<div id=\"cmsmasters_heading_69d461974295f9_99864909\" class=\"cmsmasters_heading_wrap cmsmasters_heading_align_center\">\n\t<h6 class=\"cmsmasters_heading\">WhatsApp<\/h6>\n<\/div>\n<div id=\"cmsmasters_heading_69d4619742b8c8_03817262\" class=\"cmsmasters_heading_wrap cmsmasters_heading_align_center\">\n\t<h2 class=\"cmsmasters_heading\">1160016662<\/h2>\n<\/div>\n<\/div>\n<div class=\"cmsmasters_column one_third\">\n\n<div id=\"cmsmasters_icon_69d4619742ebe\" class=\"cmsmasters_icon_wrap\"><span class=\"cmsmasters_simple_icon cmsmasters-icon-location-3\"><\/span><\/div>\n\n<div id=\"cmsmasters_heading_69d46197430e33_20878055\" class=\"cmsmasters_heading_wrap cmsmasters_heading_align_center\">\n\t<h6 class=\"cmsmasters_heading\">Ubicaci\u00f3n<\/h6>\n<\/div>\n<div id=\"cmsmasters_heading_69d46197433192_96460744\" class=\"cmsmasters_heading_wrap cmsmasters_heading_align_center\">\n\t<h2 class=\"cmsmasters_heading\">Norcenter \/ Vte. L\u00f3pez<\/h2>\n<\/div>\n<\/div>\n<div class=\"cmsmasters_column one_third\">\n\n<div id=\"cmsmasters_icon_69d461974354d\" class=\"cmsmasters_icon_wrap\"><span class=\"cmsmasters_simple_icon cmsmasters-icon-mail-3\"><\/span><\/div>\n\n<div id=\"cmsmasters_heading_69d461974377e2_37801959\" class=\"cmsmasters_heading_wrap cmsmasters_heading_align_center\">\n\t<h6 class=\"cmsmasters_heading\">E-mail<\/h6>\n<\/div>\n<div id=\"cmsmasters_heading_69d46197439b02_19157901\" class=\"cmsmasters_heading_wrap cmsmasters_heading_align_center\">\n\t<h2 class=\"cmsmasters_heading\">panterfestok@gmail.com<\/h2>\n<\/div>\n<\/div>\n<\/div>\n<\/div>\n<\/div>\n<\/div>\n<\/div>\n<div id=\"cmsmasters_row_69d4619743a098_16589429\" class=\"cmsmasters_row cmsmasters_color_scheme_default cmsmasters_row_top_default cmsmasters_row_bot_default cmsmasters_row_boxed\">\n<div class=\"cmsmasters_row_outer_parent\">\n<div class=\"cmsmasters_row_outer\">\n<div class=\"cmsmasters_row_inner\">\n<div class=\"cmsmasters_row_margin\">\n<div class=\"cmsmasters_column one_half\">\n\n<div id=\"cmsmasters_heading_69d4619743c8c0_93467746\" class=\"cmsmasters_heading_wrap cmsmasters_heading_align_center\">\n\t<h2 class=\"cmsmasters_heading\">Formulario<\/h2>\n<\/div>\n<div class=\"cmsmasters_contact_form\">\n<div class=\"wpcf7 no-js\" id=\"wpcf7-f10-o1\" lang=\"es-ES\" dir=\"ltr\" data-wpcf7-id=\"10\">\n<div class=\"screen-reader-response\"><p role=\"status\" aria-live=\"polite\" aria-atomic=\"true\"><\/p> <ul><\/ul><\/div>\n<form action=\"\/index.php?rest_route=%2Fwp%2Fv2%2Fpages%2F640#wpcf7-f10-o1\" method=\"post\" class=\"wpcf7-form init\" aria-label=\"Formulario de contacto\" novalidate=\"novalidate\" data-status=\"init\">\n<fieldset class=\"hidden-fields-container\"><input type=\"hidden\" name=\"_wpcf7\" value=\"10\" \/><input type=\"hidden\" name=\"_wpcf7_version\" value=\"6.1.5\" \/><input type=\"hidden\" name=\"_wpcf7_locale\" value=\"es_ES\" \/><input type=\"hidden\" name=\"_wpcf7_unit_tag\" value=\"wpcf7-f10-o1\" \/><input type=\"hidden\" name=\"_wpcf7_container_post\" value=\"0\" \/><input type=\"hidden\" name=\"_wpcf7_posted_data_hash\" value=\"\" \/>\n<\/fieldset>\n<p><label style=\"color:#fff\">Tu nombre:<br \/>\n<span class=\"wpcf7-form-control-wrap\" data-name=\"nombre\"><input size=\"40\" maxlength=\"400\" class=\"wpcf7-form-control wpcf7-text wpcf7-validates-as-required\" aria-required=\"true\" aria-invalid=\"false\" value=\"\" type=\"text\" name=\"nombre\" \/><\/span><\/label>\n<\/p>\n<p><label style=\"color:#fff\">Tu correo electr\u00f3nico:<br \/>\n<span class=\"wpcf7-form-control-wrap\" data-name=\"email\"><input size=\"40\" maxlength=\"400\" class=\"wpcf7-form-control wpcf7-email wpcf7-validates-as-required wpcf7-text wpcf7-validates-as-email\" aria-required=\"true\" aria-invalid=\"false\" value=\"\" type=\"email\" name=\"email\" \/><\/span><\/label>\n<\/p>\n<p><label style=\"color:#fff\">Tel\u00e9fono:<br \/>\n<span class=\"wpcf7-form-control-wrap\" data-name=\"telefono\"><input size=\"40\" maxlength=\"400\" class=\"wpcf7-form-control wpcf7-tel wpcf7-validates-as-required wpcf7-text wpcf7-validates-as-tel\" aria-required=\"true\" aria-invalid=\"false\" value=\"\" type=\"tel\" name=\"telefono\" \/><\/span><\/label>\n<\/p>\n<p><label style=\"color:#fff\">Tu mensaje:<br \/>\n<span class=\"wpcf7-form-control-wrap\" data-name=\"mensaje\"><textarea cols=\"40\" rows=\"10\" maxlength=\"2000\" class=\"wpcf7-form-control wpcf7-textarea\" aria-invalid=\"false\" name=\"mensaje\"><\/textarea><\/span><\/label>\n<\/p>\n<p><input class=\"wpcf7-form-control wpcf7-submit has-spinner\" type=\"submit\" value=\"Enviar\" \/>\n<\/p><div class=\"wpcf7-response-output\" aria-hidden=\"true\"><\/div>\n<\/form>\n<\/div>\n<\/div>\n<\/div>\n<div class=\"cmsmasters_column one_half\">\n\n<div id=\"cmsmasters_heading_69d46197452383_93930221\" class=\"cmsmasters_heading_wrap cmsmasters_heading_align_center\">\n\t<h2 class=\"cmsmasters_heading\">Preguntas frencuentes<\/h2>\n<\/div><div class=\"cmsmasters_toggles toggles_mode_accordion\">\n<div class=\"cmsmasters_toggle_wrap current_toggle\" data-tags=\"all \">\n<div class=\"cmsmasters_toggle_title\">\n<span class=\"cmsmasters_toggle_plus\">\n<span class=\"cmsmasters_theme_icon_toggle_arrow\"><\/span>\n<\/span>\n<a href=\"#\">\u00bfD\u00f3nde y cu\u00e1ndo se realiza?<\/a>\n<\/div>\n<div class=\"cmsmasters_toggle\">\n<div class=\"cmsmasters_toggle_inner\">\n<p>La PANTERFEST edici\u00f3n 2023 se realizar\u00e1 el 2 de Diciembre en el Shopping Norcenter, Munro, Vicente L\u00f3pez, Buenos Aires, Argentina.<\/p>\n<\/div>\n<\/div>\n<\/div><div class=\"cmsmasters_toggle_wrap\" data-tags=\"all \">\n<div class=\"cmsmasters_toggle_title\">\n<span class=\"cmsmasters_toggle_plus\">\n<span class=\"cmsmasters_theme_icon_toggle_arrow\"><\/span>\n<\/span>\n<a href=\"#\">Sobre micros<\/a>\n<\/div>\n<div class=\"cmsmasters_toggle\">\n<div class=\"cmsmasters_toggle_inner\">\n<p>Muy pronto te brindaremos un n\u00famero de contacto.<\/p>\n<\/div>\n<\/div>\n<\/div><div class=\"cmsmasters_toggle_wrap\" data-tags=\"all \">\n<div class=\"cmsmasters_toggle_title\">\n<span class=\"cmsmasters_toggle_plus\">\n<span class=\"cmsmasters_theme_icon_toggle_arrow\"><\/span>\n<\/span>\n<a href=\"#\">Estacionamiento<\/a>\n<\/div>\n<div class=\"cmsmasters_toggle\">\n<div class=\"cmsmasters_toggle_inner\">\n<p>S\u00ed, habr\u00e1 estacionamiento para veh\u00edculos sin cargo dentro del shopping, pero con espacio limitado, te recomendamos llegar antes de las 2 am.<\/p>\n<\/div>\n<\/div>\n<\/div><div class=\"cmsmasters_toggle_wrap\" data-tags=\"all \">\n<div class=\"cmsmasters_toggle_title\">\n<span class=\"cmsmasters_toggle_plus\">\n<span class=\"cmsmasters_theme_icon_toggle_arrow\"><\/span>\n<\/span>\n<a href=\"#\">VIP<\/a>\n<\/div>\n<div class=\"cmsmasters_toggle\">\n<div class=\"cmsmasters_toggle_inner\">\n<p>Muy pronto te brindaremos un n\u00famero de contacto.<\/p>\n<\/div>\n<\/div>\n<\/div><\/div>\n<\/div>\n<\/div>\n<\/div>\n<\/div>\n<\/div>\n<\/div>\n\n","protected":false},"excerpt":{"rendered":"","protected":false},"author":1,"featured_media":1483,"parent":0,"menu_order":0,"comment_status":"closed","ping_status":"closed","template":"","meta":{"_joinchat":[],"footnotes":""},"class_list":["post-640","page","type-page","status-publish","has-post-thumbnail","hentry"],"_links":{"self":[{"href":"https:\/\/panterfest.com\/index.php?rest_route=\/wp\/v2\/pages\/640","targetHints":{"allow":["GET"]}}],"collection":[{"href":"https:\/\/panterfest.com\/index.php?rest_route=\/wp\/v2\/pages"}],"about":[{"href":"https:\/\/panterfest.com\/index.php?rest_route=\/wp\/v2\/types\/page"}],"author":[{"embeddable":true,"href":"https:\/\/panterfest.com\/index.php?rest_route=\/wp\/v2\/users\/1"}],"replies":[{"embeddable":true,"href":"https:\/\/panterfest.com\/index.php?rest_route=%2Fwp%2Fv2%2Fcomments&post=640"}],"version-history":[{"count":12,"href":"https:\/\/panterfest.com\/index.php?rest_route=\/wp\/v2\/pages\/640\/revisions"}],"predecessor-version":[{"id":1553,"href":"https:\/\/panterfest.com\/index.php?rest_route=\/wp\/v2\/pages\/640\/revisions\/1553"}],"wp:featuredmedia":[{"embeddable":true,"href":"https:\/\/panterfest.com\/index.php?rest_route=\/wp\/v2\/media\/1483"}],"wp:attachment":[{"href":"https:\/\/panterfest.com\/index.php?rest_route=%2Fwp%2Fv2%2Fmedia&parent=640"}],"curies":[{"name":"wp","href":"https:\/\/api.w.org\/{rel}","templated":true}]}}